{"id":17329,"date":"2018-03-20T16:37:52","date_gmt":"2018-03-20T15:37:52","guid":{"rendered":"https:\/\/www.brasilafro.net\/nossas-iniciativas-culturais\/"},"modified":"2024-03-28T14:00:05","modified_gmt":"2024-03-28T13:00:05","slug":"nossas-iniciativas-culturais","status":"publish","type":"page","link":"https:\/\/www.brasilafro.net\/pt-br\/nossas-iniciativas-culturais\/","title":{"rendered":"Nossas iniciativas culturais"},"content":{"rendered":"\t\t<div data-elementor-type=\"wp-page\" data-elementor-id=\"17329\" class=\"elementor elementor-17329 elementor-11608\" data-elementor-post-type=\"page\">\n\t\t\t\t<div class=\"elementor-element elementor-element-4bbbac4 e-flex e-con-boxed wpr-particle-no wpr-jarallax-no wpr-parallax-no wpr-sticky-section-no e-con e-parent\" data-id=\"4bbbac4\" data-element_type=\"container\" data-e-type=\"container\">\n\t\t\t\t\t<div class=\"e-con-inner\">\n\t\t<div class=\"elementor-element elementor-element-7b75749 e-con-full e-flex wpr-particle-no wpr-jarallax-no wpr-parallax-no wpr-sticky-section-no e-con e-child\" data-id=\"7b75749\" data-element_type=\"container\" data-e-type=\"container\">\n\t\t\t\t<div class=\"elementor-element elementor-element-a083a24 elementor-widget elementor-widget-image\" data-id=\"a083a24\" data-element_type=\"widget\" data-e-type=\"widget\" data-widget_type=\"image.default\">\n\t\t\t\t<div class=\"elementor-widget-container\">\n\t\t\t\t\t\t\t\t\t\t\t\t\t\t\t\t<a href=\"https:\/\/www.brasilafro.net\/nos-actions-culturelles-2\/nos-evenements-bresiliens\/\">\n\t\t\t\t\t\t\t<img fetchpriority=\"high\" decoding=\"async\" width=\"1024\" height=\"685\" src=\"https:\/\/www.brasilafro.net\/wordpress\/wp-content\/uploads\/2024\/01\/1carnaval-danse-2-copie-1024x685.jpg\" class=\"elementor-animation-bob attachment-large size-large wp-image-17019\" alt=\"\" srcset=\"https:\/\/www.brasilafro.net\/wordpress\/wp-content\/uploads\/2024\/01\/1carnaval-danse-2-copie-1024x685.jpg 1024w, https:\/\/www.brasilafro.net\/wordpress\/wp-content\/uploads\/2024\/01\/1carnaval-danse-2-copie-300x201.jpg 300w, https:\/\/www.brasilafro.net\/wordpress\/wp-content\/uploads\/2024\/01\/1carnaval-danse-2-copie-768x514.jpg 768w, https:\/\/www.brasilafro.net\/wordpress\/wp-content\/uploads\/2024\/01\/1carnaval-danse-2-copie-1536x1028.jpg 1536w, https:\/\/www.brasilafro.net\/wordpress\/wp-content\/uploads\/2024\/01\/1carnaval-danse-2-copie-2048x1371.jpg 2048w\" sizes=\"(max-width: 1024px) 100vw, 1024px\" \/>\t\t\t\t\t\t\t\t<\/a>\n\t\t\t\t\t\t\t\t\t\t\t\t\t\t\t<\/div>\n\t\t\t\t<\/div>\n\t\t\t\t<div class=\"elementor-element elementor-element-e7738da elementor-hidden-desktop elementor-widget elementor-widget-spacer\" data-id=\"e7738da\" data-element_type=\"widget\" data-e-type=\"widget\" data-widget_type=\"spacer.default\">\n\t\t\t\t<div class=\"elementor-widget-container\">\n\t\t\t\t\t\t\t<div class=\"elementor-spacer\">\n\t\t\t<div class=\"elementor-spacer-inner\"><\/div>\n\t\t<\/div>\n\t\t\t\t\t\t<\/div>\n\t\t\t\t<\/div>\n\t\t\t\t<div class=\"elementor-element elementor-element-a1e215f title elementor-widget elementor-widget-heading\" data-id=\"a1e215f\" data-element_type=\"widget\" data-e-type=\"widget\" data-widget_type=\"heading.default\">\n\t\t\t\t<div class=\"elementor-widget-container\">\n\t\t\t\t\t<h2 class=\"elementor-heading-title elementor-size-default\"><a href=\"https:\/\/www.brasilafro.net\/nos-actions-culturelles-2\/nos-evenements-bresiliens\/\">Nossos eventos no Brasil  <\/a><\/h2>\t\t\t\t<\/div>\n\t\t\t\t<\/div>\n\t\t\t\t<div class=\"elementor-element elementor-element-dc6f575 elementor-hidden-desktop elementor-hidden-tablet elementor-widget elementor-widget-spacer\" data-id=\"dc6f575\" data-element_type=\"widget\" data-e-type=\"widget\" data-widget_type=\"spacer.default\">\n\t\t\t\t<div class=\"elementor-widget-container\">\n\t\t\t\t\t\t\t<div class=\"elementor-spacer\">\n\t\t\t<div class=\"elementor-spacer-inner\"><\/div>\n\t\t<\/div>\n\t\t\t\t\t\t<\/div>\n\t\t\t\t<\/div>\n\t\t\t\t<div class=\"elementor-element elementor-element-8edae43 elementor-widget elementor-widget-text-editor\" data-id=\"8edae43\" data-element_type=\"widget\" data-e-type=\"widget\" data-widget_type=\"text-editor.default\">\n\t\t\t\t<div class=\"elementor-widget-container\">\n\t\t\t\t\t\t\t\t\t<p style=\"text-align: center;\">\u00c9 sabido que o Brasil \u00e9 sin\u00f4nimo de festa. Nosso coletivo n\u00e3o \u00e9 exce\u00e7\u00e3o \u00e0 regra, trazendo todo o calor e a alegria do Brasil para Lille e toda a regi\u00e3o. Carnavais, celebra\u00e7\u00f5es de Saint-Jean e bailes em Fives s\u00e3o apenas alguns dos destaques que o levar\u00e3o a atravessar o Atl\u00e2ntico at\u00e9 o Brasil!<\/p>\n\t\t\t\t\t\t\t\t<\/div>\n\t\t\t\t<\/div>\n\t\t\t\t<\/div>\n\t\t<div class=\"elementor-element elementor-element-5bab50b e-con-full e-flex wpr-particle-no wpr-jarallax-no wpr-parallax-no wpr-sticky-section-no e-con e-child\" data-id=\"5bab50b\" data-element_type=\"container\" data-e-type=\"container\">\n\t\t\t\t<div class=\"elementor-element elementor-element-3fd0364 elementor-widget elementor-widget-image\" data-id=\"3fd0364\" data-element_type=\"widget\" data-e-type=\"widget\" data-widget_type=\"image.default\">\n\t\t\t\t<div class=\"elementor-widget-container\">\n\t\t\t\t\t\t\t\t\t\t\t\t\t\t\t\t<a href=\"https:\/\/www.brasilafro.net\/pt-br\/nossas-iniciativas-culturais\/internacionalmente\/\">\n\t\t\t\t\t\t\t<img decoding=\"async\" width=\"960\" height=\"720\" src=\"https:\/\/www.brasilafro.net\/wordpress\/wp-content\/uploads\/2023\/12\/4Actions-Culturelles-International.jpg\" class=\"elementor-animation-bob attachment-large size-large wp-image-16663\" alt=\"\" srcset=\"https:\/\/www.brasilafro.net\/wordpress\/wp-content\/uploads\/2023\/12\/4Actions-Culturelles-International.jpg 960w, https:\/\/www.brasilafro.net\/wordpress\/wp-content\/uploads\/2023\/12\/4Actions-Culturelles-International-300x225.jpg 300w, https:\/\/www.brasilafro.net\/wordpress\/wp-content\/uploads\/2023\/12\/4Actions-Culturelles-International-768x576.jpg 768w\" sizes=\"(max-width: 960px) 100vw, 960px\" \/>\t\t\t\t\t\t\t\t<\/a>\n\t\t\t\t\t\t\t\t\t\t\t\t\t\t\t<\/div>\n\t\t\t\t<\/div>\n\t\t\t\t<div class=\"elementor-element elementor-element-bf52636 elementor-hidden-desktop elementor-hidden-tablet elementor-widget elementor-widget-spacer\" data-id=\"bf52636\" data-element_type=\"widget\" data-e-type=\"widget\" data-widget_type=\"spacer.default\">\n\t\t\t\t<div class=\"elementor-widget-container\">\n\t\t\t\t\t\t\t<div class=\"elementor-spacer\">\n\t\t\t<div class=\"elementor-spacer-inner\"><\/div>\n\t\t<\/div>\n\t\t\t\t\t\t<\/div>\n\t\t\t\t<\/div>\n\t\t\t\t<div class=\"elementor-element elementor-element-7824fd0 elementor-widget elementor-widget-heading\" data-id=\"7824fd0\" data-element_type=\"widget\" data-e-type=\"widget\" data-widget_type=\"heading.default\">\n\t\t\t\t<div class=\"elementor-widget-container\">\n\t\t\t\t\t<h2 class=\"elementor-heading-title elementor-size-default\"><a href=\"https:\/\/www.brasilafro.net\/pt-br\/nossas-iniciativas-culturais\/internacionalmente\/\">Nossas a\u00e7\u00f5es internacionais<\/a><\/h2>\t\t\t\t<\/div>\n\t\t\t\t<\/div>\n\t\t\t\t<div class=\"elementor-element elementor-element-2ecbf96 elementor-hidden-desktop elementor-hidden-tablet elementor-widget elementor-widget-spacer\" data-id=\"2ecbf96\" data-element_type=\"widget\" data-e-type=\"widget\" data-widget_type=\"spacer.default\">\n\t\t\t\t<div class=\"elementor-widget-container\">\n\t\t\t\t\t\t\t<div class=\"elementor-spacer\">\n\t\t\t<div class=\"elementor-spacer-inner\"><\/div>\n\t\t<\/div>\n\t\t\t\t\t\t<\/div>\n\t\t\t\t<\/div>\n\t\t\t\t<div class=\"elementor-element elementor-element-a1fbdab elementor-widget elementor-widget-text-editor\" data-id=\"a1fbdab\" data-element_type=\"widget\" data-e-type=\"widget\" data-widget_type=\"text-editor.default\">\n\t\t\t\t<div class=\"elementor-widget-container\">\n\t\t\t\t\t\t\t\t\t<p style=\"text-align: center;\">O Brasil Afro Funk \u00e9 uma parada obrigat\u00f3ria para os brasileiros que chegam a Lille. Esses 20 anos de encontros deram origem a projetos internacionais, como interc\u00e2mbios de artistas, iniciativas de solidariedade para jovens e projetos multiculturais que aproximam a Europa, o Brasil e a \u00c1frica por meio da m\u00fasica popular e do slam em particular&#8230;<\/p>\n\t\t\t\t\t\t\t\t<\/div>\n\t\t\t\t<\/div>\n\t\t\t\t<\/div>\n\t\t\t\t\t<\/div>\n\t\t\t\t<\/div>\n\t\t\t\t<\/div>\n\t\t","protected":false},"excerpt":{"rendered":"<p>Nossos eventos no Brasil \u00c9 sabido que o Brasil \u00e9 sin\u00f4nimo de festa. Nosso coletivo n\u00e3o \u00e9 exce\u00e7\u00e3o \u00e0 regra, trazendo todo o calor e a alegria do Brasil para Lille e toda a regi\u00e3o. Carnavais, celebra\u00e7\u00f5es de Saint-Jean e bailes em Fives s\u00e3o apenas alguns dos destaques que o levar\u00e3o a atravessar o Atl\u00e2ntico at\u00e9 o Brasil! Nossas a\u00e7\u00f5es internacionais O Brasil Afro Funk \u00e9 uma parada obrigat\u00f3ria para os brasileiros que chegam a Lille. Esses 20 anos de encontros deram origem a projetos internacionais, como interc\u00e2mbios de artistas, iniciativas de solidariedade para jovens e projetos multiculturais que aproximam a Europa, o Brasil e a \u00c1frica por meio da m\u00fasica popular e do slam em particular&#8230;<\/p>\n","protected":false},"author":120,"featured_media":0,"parent":0,"menu_order":4,"comment_status":"closed","ping_status":"closed","template":"","meta":{"site-sidebar-layout":"default","site-content-layout":"","ast-site-content-layout":"default","site-content-style":"default","site-sidebar-style":"default","ast-global-header-display":"","ast-banner-title-visibility":"","ast-main-header-display":"","ast-hfb-above-header-display":"","ast-hfb-below-header-display":"","ast-hfb-mobile-header-display":"","site-post-title":"","ast-breadcrumbs-content":"","ast-featured-img":"","footer-sml-layout":"","ast-disable-related-posts":"","theme-transparent-header-meta":"","adv-header-id-meta":"","stick-header-meta":"","header-above-stick-meta":"","header-main-stick-meta":"","header-below-stick-meta":"","astra-migrate-meta-layouts":"default","ast-page-background-enabled":"default","ast-page-background-meta":{"desktop":{"background-color":"","background-image":"","background-repeat":"repeat","background-position":"center center","background-size":"auto","background-attachment":"scroll","background-type":"","background-media":"","overlay-type":"","overlay-color":"","overlay-opacity":"","overlay-gradient":""},"tablet":{"background-color":"","background-image":"","background-repeat":"repeat","background-position":"center center","background-size":"auto","background-attachment":"scroll","background-type":"","background-media":"","overlay-type":"","overlay-color":"","overlay-opacity":"","overlay-gradient":""},"mobile":{"background-color":"","background-image":"","background-repeat":"repeat","background-position":"center center","background-size":"auto","background-attachment":"scroll","background-type":"","background-media":"","overlay-type":"","overlay-color":"","overlay-opacity":"","overlay-gradient":""}},"ast-content-background-meta":{"desktop":{"background-color":"var(--ast-global-color-5)","background-image":"","background-repeat":"repeat","background-position":"center center","background-size":"auto","background-attachment":"scroll","background-type":"","background-media":"","overlay-type":"","overlay-color":"","overlay-opacity":"","overlay-gradient":""},"tablet":{"background-color":"var(--ast-global-color-5)","background-image":"","background-repeat":"repeat","background-position":"center center","background-size":"auto","background-attachment":"scroll","background-type":"","background-media":"","overlay-type":"","overlay-color":"","overlay-opacity":"","overlay-gradient":""},"mobile":{"background-color":"var(--ast-global-color-5)","background-image":"","background-repeat":"repeat","background-position":"center center","background-size":"auto","background-attachment":"scroll","background-type":"","background-media":"","overlay-type":"","overlay-color":"","overlay-opacity":"","overlay-gradient":""}},"footnotes":""},"class_list":["post-17329","page","type-page","status-publish","hentry"],"yoast_head":"<!-- This site is optimized with the Yoast SEO Premium plugin v27.3 (Yoast SEO v27.3) - https:\/\/yoast.com\/product\/yoast-seo-premium-wordpress\/ -->\n<title>Nossas iniciativas culturais - Brasil Afro Funk<\/title>\n<meta name=\"robots\" content=\"index, follow, max-snippet:-1, max-image-preview:large, max-video-preview:-1\" \/>\n<link rel=\"canonical\" href=\"https:\/\/www.brasilafro.net\/pt-br\/nossas-iniciativas-culturais\/\" \/>\n<meta property=\"og:locale\" content=\"pt_BR\" \/>\n<meta property=\"og:type\" content=\"article\" \/>\n<meta property=\"og:title\" content=\"Nossas iniciativas culturais\" \/>\n<meta property=\"og:description\" content=\"Nossos eventos no Brasil \u00c9 sabido que o Brasil \u00e9 sin\u00f4nimo de festa. Nosso coletivo n\u00e3o \u00e9 exce\u00e7\u00e3o \u00e0 regra, trazendo todo o calor e a alegria do Brasil para Lille e toda a regi\u00e3o. Carnavais, celebra\u00e7\u00f5es de Saint-Jean e bailes em Fives s\u00e3o apenas alguns dos destaques que o levar\u00e3o a atravessar o Atl\u00e2ntico at\u00e9 o Brasil! Nossas a\u00e7\u00f5es internacionais O Brasil Afro Funk \u00e9 uma parada obrigat\u00f3ria para os brasileiros que chegam a Lille. Esses 20 anos de encontros deram origem a projetos internacionais, como interc\u00e2mbios de artistas, iniciativas de solidariedade para jovens e projetos multiculturais que aproximam a Europa, o Brasil e a \u00c1frica por meio da m\u00fasica popular e do slam em particular&#8230;\" \/>\n<meta property=\"og:url\" content=\"https:\/\/www.brasilafro.net\/pt-br\/nossas-iniciativas-culturais\/\" \/>\n<meta property=\"og:site_name\" content=\"Brasil Afro Funk\" \/>\n<meta property=\"article:publisher\" content=\"https:\/\/www.facebook.com\/labarracazem\/\" \/>\n<meta property=\"article:modified_time\" content=\"2024-03-28T13:00:05+00:00\" \/>\n<meta property=\"og:image\" content=\"https:\/\/www.brasilafro.net\/wordpress\/wp-content\/uploads\/2024\/01\/1carnaval-danse-2-copie-1024x685.jpg\" \/>\n<meta name=\"twitter:card\" content=\"summary_large_image\" \/>\n<meta name=\"twitter:site\" content=\"@labarracaZem\" \/>\n<meta name=\"twitter:label1\" content=\"Est. tempo de leitura\" \/>\n\t<meta name=\"twitter:data1\" content=\"1 minuto\" \/>\n<script type=\"application\/ld+json\" class=\"yoast-schema-graph\">{\"@context\":\"https:\\\/\\\/schema.org\",\"@graph\":[{\"@type\":\"WebPage\",\"@id\":\"https:\\\/\\\/www.brasilafro.net\\\/pt-br\\\/nossas-iniciativas-culturais\\\/\",\"url\":\"https:\\\/\\\/www.brasilafro.net\\\/pt-br\\\/nossas-iniciativas-culturais\\\/\",\"name\":\"Nossas iniciativas culturais - Brasil Afro Funk\",\"isPartOf\":{\"@id\":\"https:\\\/\\\/www.brasilafro.net\\\/pt-br\\\/#website\"},\"primaryImageOfPage\":{\"@id\":\"https:\\\/\\\/www.brasilafro.net\\\/pt-br\\\/nossas-iniciativas-culturais\\\/#primaryimage\"},\"image\":{\"@id\":\"https:\\\/\\\/www.brasilafro.net\\\/pt-br\\\/nossas-iniciativas-culturais\\\/#primaryimage\"},\"thumbnailUrl\":\"https:\\\/\\\/www.brasilafro.net\\\/wordpress\\\/wp-content\\\/uploads\\\/2024\\\/01\\\/1carnaval-danse-2-copie-1024x685.jpg\",\"datePublished\":\"2018-03-20T15:37:52+00:00\",\"dateModified\":\"2024-03-28T13:00:05+00:00\",\"breadcrumb\":{\"@id\":\"https:\\\/\\\/www.brasilafro.net\\\/pt-br\\\/nossas-iniciativas-culturais\\\/#breadcrumb\"},\"inLanguage\":\"pt-BR\",\"potentialAction\":[{\"@type\":\"ReadAction\",\"target\":[\"https:\\\/\\\/www.brasilafro.net\\\/pt-br\\\/nossas-iniciativas-culturais\\\/\"]}]},{\"@type\":\"ImageObject\",\"inLanguage\":\"pt-BR\",\"@id\":\"https:\\\/\\\/www.brasilafro.net\\\/pt-br\\\/nossas-iniciativas-culturais\\\/#primaryimage\",\"url\":\"https:\\\/\\\/www.brasilafro.net\\\/wordpress\\\/wp-content\\\/uploads\\\/2024\\\/01\\\/1carnaval-danse-2-copie-1024x685.jpg\",\"contentUrl\":\"https:\\\/\\\/www.brasilafro.net\\\/wordpress\\\/wp-content\\\/uploads\\\/2024\\\/01\\\/1carnaval-danse-2-copie-1024x685.jpg\"},{\"@type\":\"BreadcrumbList\",\"@id\":\"https:\\\/\\\/www.brasilafro.net\\\/pt-br\\\/nossas-iniciativas-culturais\\\/#breadcrumb\",\"itemListElement\":[{\"@type\":\"ListItem\",\"position\":1,\"name\":\"Accueil\",\"item\":\"https:\\\/\\\/www.brasilafro.net\\\/pt-br\\\/inicio\\\/\"},{\"@type\":\"ListItem\",\"position\":2,\"name\":\"Nossas iniciativas culturais\"}]},{\"@type\":\"WebSite\",\"@id\":\"https:\\\/\\\/www.brasilafro.net\\\/pt-br\\\/#website\",\"url\":\"https:\\\/\\\/www.brasilafro.net\\\/pt-br\\\/\",\"name\":\"Brasil Afro Funk\",\"description\":\"Musique I Danse I Capoeira  I Ecole \u00e0 Lille\",\"publisher\":{\"@id\":\"https:\\\/\\\/www.brasilafro.net\\\/pt-br\\\/#organization\"},\"potentialAction\":[{\"@type\":\"SearchAction\",\"target\":{\"@type\":\"EntryPoint\",\"urlTemplate\":\"https:\\\/\\\/www.brasilafro.net\\\/pt-br\\\/?s={search_term_string}\"},\"query-input\":{\"@type\":\"PropertyValueSpecification\",\"valueRequired\":true,\"valueName\":\"search_term_string\"}}],\"inLanguage\":\"pt-BR\"},{\"@type\":\"Organization\",\"@id\":\"https:\\\/\\\/www.brasilafro.net\\\/pt-br\\\/#organization\",\"name\":\"Brasil Afro Funk\",\"url\":\"https:\\\/\\\/www.brasilafro.net\\\/pt-br\\\/\",\"logo\":{\"@type\":\"ImageObject\",\"inLanguage\":\"pt-BR\",\"@id\":\"https:\\\/\\\/www.brasilafro.net\\\/pt-br\\\/#\\\/schema\\\/logo\\\/image\\\/\",\"url\":\"https:\\\/\\\/www.brasilafro.net\\\/wordpress\\\/wp-content\\\/uploads\\\/2017\\\/10\\\/cropped-logoBAF.png\",\"contentUrl\":\"https:\\\/\\\/www.brasilafro.net\\\/wordpress\\\/wp-content\\\/uploads\\\/2017\\\/10\\\/cropped-logoBAF.png\",\"width\":1119,\"height\":879,\"caption\":\"Brasil Afro Funk\"},\"image\":{\"@id\":\"https:\\\/\\\/www.brasilafro.net\\\/pt-br\\\/#\\\/schema\\\/logo\\\/image\\\/\"},\"sameAs\":[\"https:\\\/\\\/www.facebook.com\\\/labarracazem\\\/\",\"https:\\\/\\\/x.com\\\/labarracaZem\",\"https:\\\/\\\/www.instagram.com\\\/brasilafrofunk\\\/?hl=fr&img_index=2\"]}]}<\/script>\n<!-- \/ Yoast SEO Premium plugin. -->","yoast_head_json":{"title":"Nossas iniciativas culturais - Brasil Afro Funk","robots":{"index":"index","follow":"follow","max-snippet":"max-snippet:-1","max-image-preview":"max-image-preview:large","max-video-preview":"max-video-preview:-1"},"canonical":"https:\/\/www.brasilafro.net\/pt-br\/nossas-iniciativas-culturais\/","og_locale":"pt_BR","og_type":"article","og_title":"Nossas iniciativas culturais","og_description":"Nossos eventos no Brasil \u00c9 sabido que o Brasil \u00e9 sin\u00f4nimo de festa. Nosso coletivo n\u00e3o \u00e9 exce\u00e7\u00e3o \u00e0 regra, trazendo todo o calor e a alegria do Brasil para Lille e toda a regi\u00e3o. Carnavais, celebra\u00e7\u00f5es de Saint-Jean e bailes em Fives s\u00e3o apenas alguns dos destaques que o levar\u00e3o a atravessar o Atl\u00e2ntico at\u00e9 o Brasil! Nossas a\u00e7\u00f5es internacionais O Brasil Afro Funk \u00e9 uma parada obrigat\u00f3ria para os brasileiros que chegam a Lille. Esses 20 anos de encontros deram origem a projetos internacionais, como interc\u00e2mbios de artistas, iniciativas de solidariedade para jovens e projetos multiculturais que aproximam a Europa, o Brasil e a \u00c1frica por meio da m\u00fasica popular e do slam em particular&#8230;","og_url":"https:\/\/www.brasilafro.net\/pt-br\/nossas-iniciativas-culturais\/","og_site_name":"Brasil Afro Funk","article_publisher":"https:\/\/www.facebook.com\/labarracazem\/","article_modified_time":"2024-03-28T13:00:05+00:00","og_image":[{"url":"https:\/\/www.brasilafro.net\/wordpress\/wp-content\/uploads\/2024\/01\/1carnaval-danse-2-copie-1024x685.jpg","type":"","width":"","height":""}],"twitter_card":"summary_large_image","twitter_site":"@labarracaZem","twitter_misc":{"Est. tempo de leitura":"1 minuto"},"schema":{"@context":"https:\/\/schema.org","@graph":[{"@type":"WebPage","@id":"https:\/\/www.brasilafro.net\/pt-br\/nossas-iniciativas-culturais\/","url":"https:\/\/www.brasilafro.net\/pt-br\/nossas-iniciativas-culturais\/","name":"Nossas iniciativas culturais - Brasil Afro Funk","isPartOf":{"@id":"https:\/\/www.brasilafro.net\/pt-br\/#website"},"primaryImageOfPage":{"@id":"https:\/\/www.brasilafro.net\/pt-br\/nossas-iniciativas-culturais\/#primaryimage"},"image":{"@id":"https:\/\/www.brasilafro.net\/pt-br\/nossas-iniciativas-culturais\/#primaryimage"},"thumbnailUrl":"https:\/\/www.brasilafro.net\/wordpress\/wp-content\/uploads\/2024\/01\/1carnaval-danse-2-copie-1024x685.jpg","datePublished":"2018-03-20T15:37:52+00:00","dateModified":"2024-03-28T13:00:05+00:00","breadcrumb":{"@id":"https:\/\/www.brasilafro.net\/pt-br\/nossas-iniciativas-culturais\/#breadcrumb"},"inLanguage":"pt-BR","potentialAction":[{"@type":"ReadAction","target":["https:\/\/www.brasilafro.net\/pt-br\/nossas-iniciativas-culturais\/"]}]},{"@type":"ImageObject","inLanguage":"pt-BR","@id":"https:\/\/www.brasilafro.net\/pt-br\/nossas-iniciativas-culturais\/#primaryimage","url":"https:\/\/www.brasilafro.net\/wordpress\/wp-content\/uploads\/2024\/01\/1carnaval-danse-2-copie-1024x685.jpg","contentUrl":"https:\/\/www.brasilafro.net\/wordpress\/wp-content\/uploads\/2024\/01\/1carnaval-danse-2-copie-1024x685.jpg"},{"@type":"BreadcrumbList","@id":"https:\/\/www.brasilafro.net\/pt-br\/nossas-iniciativas-culturais\/#breadcrumb","itemListElement":[{"@type":"ListItem","position":1,"name":"Accueil","item":"https:\/\/www.brasilafro.net\/pt-br\/inicio\/"},{"@type":"ListItem","position":2,"name":"Nossas iniciativas culturais"}]},{"@type":"WebSite","@id":"https:\/\/www.brasilafro.net\/pt-br\/#website","url":"https:\/\/www.brasilafro.net\/pt-br\/","name":"Brasil Afro Funk","description":"Musique I Danse I Capoeira  I Ecole \u00e0 Lille","publisher":{"@id":"https:\/\/www.brasilafro.net\/pt-br\/#organization"},"potentialAction":[{"@type":"SearchAction","target":{"@type":"EntryPoint","urlTemplate":"https:\/\/www.brasilafro.net\/pt-br\/?s={search_term_string}"},"query-input":{"@type":"PropertyValueSpecification","valueRequired":true,"valueName":"search_term_string"}}],"inLanguage":"pt-BR"},{"@type":"Organization","@id":"https:\/\/www.brasilafro.net\/pt-br\/#organization","name":"Brasil Afro Funk","url":"https:\/\/www.brasilafro.net\/pt-br\/","logo":{"@type":"ImageObject","inLanguage":"pt-BR","@id":"https:\/\/www.brasilafro.net\/pt-br\/#\/schema\/logo\/image\/","url":"https:\/\/www.brasilafro.net\/wordpress\/wp-content\/uploads\/2017\/10\/cropped-logoBAF.png","contentUrl":"https:\/\/www.brasilafro.net\/wordpress\/wp-content\/uploads\/2017\/10\/cropped-logoBAF.png","width":1119,"height":879,"caption":"Brasil Afro Funk"},"image":{"@id":"https:\/\/www.brasilafro.net\/pt-br\/#\/schema\/logo\/image\/"},"sameAs":["https:\/\/www.facebook.com\/labarracazem\/","https:\/\/x.com\/labarracaZem","https:\/\/www.instagram.com\/brasilafrofunk\/?hl=fr&img_index=2"]}]}},"_links":{"self":[{"href":"https:\/\/www.brasilafro.net\/pt-br\/wp-json\/wp\/v2\/pages\/17329","targetHints":{"allow":["GET"]}}],"collection":[{"href":"https:\/\/www.brasilafro.net\/pt-br\/wp-json\/wp\/v2\/pages"}],"about":[{"href":"https:\/\/www.brasilafro.net\/pt-br\/wp-json\/wp\/v2\/types\/page"}],"author":[{"embeddable":true,"href":"https:\/\/www.brasilafro.net\/pt-br\/wp-json\/wp\/v2\/users\/120"}],"replies":[{"embeddable":true,"href":"https:\/\/www.brasilafro.net\/pt-br\/wp-json\/wp\/v2\/comments?post=17329"}],"version-history":[{"count":2,"href":"https:\/\/www.brasilafro.net\/pt-br\/wp-json\/wp\/v2\/pages\/17329\/revisions"}],"predecessor-version":[{"id":17342,"href":"https:\/\/www.brasilafro.net\/pt-br\/wp-json\/wp\/v2\/pages\/17329\/revisions\/17342"}],"wp:attachment":[{"href":"https:\/\/www.brasilafro.net\/pt-br\/wp-json\/wp\/v2\/media?parent=17329"}],"curies":[{"name":"wp","href":"https:\/\/api.w.org\/{rel}","templated":true}]}}