{"id":17306,"date":"2018-03-20T11:47:34","date_gmt":"2018-03-20T10:47:34","guid":{"rendered":"https:\/\/www.brasilafro.net\/nossos-workshops\/"},"modified":"2024-03-28T14:00:48","modified_gmt":"2024-03-28T13:00:48","slug":"nossos-workshops","status":"publish","type":"page","link":"https:\/\/www.brasilafro.net\/pt-br\/nossos-workshops\/","title":{"rendered":"Nossos workshops"},"content":{"rendered":"\t\t<div data-elementor-type=\"wp-page\" data-elementor-id=\"17306\" class=\"elementor elementor-17306 elementor-11594\" data-elementor-post-type=\"page\">\n\t\t\t\t<div class=\"elementor-element elementor-element-ecac0c8 e-flex e-con-boxed wpr-particle-no wpr-jarallax-no wpr-parallax-no wpr-sticky-section-no wpr-equal-height-no e-con e-parent\" data-id=\"ecac0c8\" data-element_type=\"container\" data-e-type=\"container\">\n\t\t\t\t\t<div class=\"e-con-inner\">\n\t\t<div class=\"elementor-element elementor-element-a75b65f e-con-full e-flex wpr-particle-no wpr-jarallax-no wpr-parallax-no wpr-sticky-section-no wpr-equal-height-no e-con e-child\" data-id=\"a75b65f\" data-element_type=\"container\" data-e-type=\"container\">\n\t\t\t\t<div class=\"elementor-element elementor-element-9c543ce elementor-widget elementor-widget-image\" data-id=\"9c543ce\" data-element_type=\"widget\" data-e-type=\"widget\" data-widget_type=\"image.default\">\n\t\t\t\t<div class=\"elementor-widget-container\">\n\t\t\t\t\t\t\t\t\t\t\t\t\t\t\t\t<a href=\"https:\/\/www.barracazem.fr\/ateliers\/\">\n\t\t\t\t\t\t\t<img fetchpriority=\"high\" decoding=\"async\" width=\"2560\" height=\"1714\" src=\"https:\/\/www.brasilafro.net\/wordpress\/wp-content\/uploads\/2023\/12\/5APropos-Notre-Lieu2-scaled.jpg\" class=\"elementor-animation-bob attachment-full size-full wp-image-16679\" alt=\"\" srcset=\"https:\/\/www.brasilafro.net\/wordpress\/wp-content\/uploads\/2023\/12\/5APropos-Notre-Lieu2-scaled.jpg 2560w, https:\/\/www.brasilafro.net\/wordpress\/wp-content\/uploads\/2023\/12\/5APropos-Notre-Lieu2-300x201.jpg 300w, https:\/\/www.brasilafro.net\/wordpress\/wp-content\/uploads\/2023\/12\/5APropos-Notre-Lieu2-1024x685.jpg 1024w, https:\/\/www.brasilafro.net\/wordpress\/wp-content\/uploads\/2023\/12\/5APropos-Notre-Lieu2-768x514.jpg 768w, https:\/\/www.brasilafro.net\/wordpress\/wp-content\/uploads\/2023\/12\/5APropos-Notre-Lieu2-1536x1028.jpg 1536w, https:\/\/www.brasilafro.net\/wordpress\/wp-content\/uploads\/2023\/12\/5APropos-Notre-Lieu2-2048x1371.jpg 2048w\" sizes=\"(max-width: 2560px) 100vw, 2560px\" \/>\t\t\t\t\t\t\t\t<\/a>\n\t\t\t\t\t\t\t\t\t\t\t\t\t\t\t<\/div>\n\t\t\t\t<\/div>\n\t\t\t\t<div class=\"elementor-element elementor-element-e4609fa elementor-hidden-desktop elementor-hidden-tablet elementor-widget elementor-widget-spacer\" data-id=\"e4609fa\" data-element_type=\"widget\" data-e-type=\"widget\" data-widget_type=\"spacer.default\">\n\t\t\t\t<div class=\"elementor-widget-container\">\n\t\t\t\t\t\t\t<div class=\"elementor-spacer\">\n\t\t\t<div class=\"elementor-spacer-inner\"><\/div>\n\t\t<\/div>\n\t\t\t\t\t\t<\/div>\n\t\t\t\t<\/div>\n\t\t\t\t<div class=\"elementor-element elementor-element-5f01431 elementor-widget elementor-widget-heading\" data-id=\"5f01431\" data-element_type=\"widget\" data-e-type=\"widget\" data-widget_type=\"heading.default\">\n\t\t\t\t<div class=\"elementor-widget-container\">\n\t\t\t\t\t<h2 class=\"elementor-heading-title elementor-size-default\"><a href=\"https:\/\/www.barracazem.fr\/ateliers\/\">Na BarracaZem  <br>(Workshops para o p\u00fablico em geral)<\/a><\/h2>\t\t\t\t<\/div>\n\t\t\t\t<\/div>\n\t\t\t\t<div class=\"elementor-element elementor-element-8b951e0 elementor-hidden-desktop elementor-hidden-tablet elementor-widget elementor-widget-spacer\" data-id=\"8b951e0\" data-element_type=\"widget\" data-e-type=\"widget\" data-widget_type=\"spacer.default\">\n\t\t\t\t<div class=\"elementor-widget-container\">\n\t\t\t\t\t\t\t<div class=\"elementor-spacer\">\n\t\t\t<div class=\"elementor-spacer-inner\"><\/div>\n\t\t<\/div>\n\t\t\t\t\t\t<\/div>\n\t\t\t\t<\/div>\n\t\t\t\t<div class=\"elementor-element elementor-element-45b833f elementor-widget elementor-widget-text-editor\" data-id=\"45b833f\" data-element_type=\"widget\" data-e-type=\"widget\" data-widget_type=\"text-editor.default\">\n\t\t\t\t<div class=\"elementor-widget-container\">\n\t\t\t\t\t\t\t\t\t<p style=\"text-align: center;\">Venha descobrir a cultura brasileira conosco! M\u00fasica, dan\u00e7a, capoeira, portugu\u00eas brasileiro: nossos palestrantes brasileiros compartilhar\u00e3o com voc\u00ea sua paix\u00e3o por esse pa\u00eds multicultural que nunca deixa de surpreender.<\/p>\n\t\t\t\t\t\t\t\t<\/div>\n\t\t\t\t<\/div>\n\t\t\t\t<\/div>\n\t\t<div class=\"elementor-element elementor-element-ce413ae e-con-full e-flex wpr-particle-no wpr-jarallax-no wpr-parallax-no wpr-sticky-section-no wpr-equal-height-no e-con e-child\" data-id=\"ce413ae\" data-element_type=\"container\" data-e-type=\"container\">\n\t\t\t\t<div class=\"elementor-element elementor-element-c654e63 elementor-widget elementor-widget-image\" data-id=\"c654e63\" data-element_type=\"widget\" data-e-type=\"widget\" data-widget_type=\"image.default\">\n\t\t\t\t<div class=\"elementor-widget-container\">\n\t\t\t\t\t\t\t\t\t\t\t\t\t\t\t\t<a href=\"https:\/\/www.brasilafro.net\/elementor-12953\/\">\n\t\t\t\t\t\t\t<img decoding=\"async\" width=\"1024\" height=\"768\" src=\"https:\/\/www.brasilafro.net\/wordpress\/wp-content\/uploads\/2023\/12\/2Ateliers-Organiser-un-stage--1024x768.jpg\" class=\"elementor-animation-bob attachment-large size-large wp-image-16733\" alt=\"\" srcset=\"https:\/\/www.brasilafro.net\/wordpress\/wp-content\/uploads\/2023\/12\/2Ateliers-Organiser-un-stage--1024x768.jpg 1024w, https:\/\/www.brasilafro.net\/wordpress\/wp-content\/uploads\/2023\/12\/2Ateliers-Organiser-un-stage--300x225.jpg 300w, https:\/\/www.brasilafro.net\/wordpress\/wp-content\/uploads\/2023\/12\/2Ateliers-Organiser-un-stage--768x576.jpg 768w, https:\/\/www.brasilafro.net\/wordpress\/wp-content\/uploads\/2023\/12\/2Ateliers-Organiser-un-stage--1536x1152.jpg 1536w, https:\/\/www.brasilafro.net\/wordpress\/wp-content\/uploads\/2023\/12\/2Ateliers-Organiser-un-stage--2048x1536.jpg 2048w\" sizes=\"(max-width: 1024px) 100vw, 1024px\" \/>\t\t\t\t\t\t\t\t<\/a>\n\t\t\t\t\t\t\t\t\t\t\t\t\t\t\t<\/div>\n\t\t\t\t<\/div>\n\t\t\t\t<div class=\"elementor-element elementor-element-101e171 elementor-hidden-desktop elementor-hidden-tablet elementor-widget elementor-widget-spacer\" data-id=\"101e171\" data-element_type=\"widget\" data-e-type=\"widget\" data-widget_type=\"spacer.default\">\n\t\t\t\t<div class=\"elementor-widget-container\">\n\t\t\t\t\t\t\t<div class=\"elementor-spacer\">\n\t\t\t<div class=\"elementor-spacer-inner\"><\/div>\n\t\t<\/div>\n\t\t\t\t\t\t<\/div>\n\t\t\t\t<\/div>\n\t\t\t\t<div class=\"elementor-element elementor-element-9342d50 elementor-widget elementor-widget-heading\" data-id=\"9342d50\" data-element_type=\"widget\" data-e-type=\"widget\" data-widget_type=\"heading.default\">\n\t\t\t\t<div class=\"elementor-widget-container\">\n\t\t\t\t\t<h2 class=\"elementor-heading-title elementor-size-default\"><a href=\"https:\/\/www.brasilafro.net\/elementor-12953\/\">Nossos workshops  <br>(Audi\u00eancias Jovens)<\/a><\/h2>\t\t\t\t<\/div>\n\t\t\t\t<\/div>\n\t\t\t\t<div class=\"elementor-element elementor-element-49ebadb elementor-hidden-desktop elementor-hidden-tablet elementor-widget elementor-widget-spacer\" data-id=\"49ebadb\" data-element_type=\"widget\" data-e-type=\"widget\" data-widget_type=\"spacer.default\">\n\t\t\t\t<div class=\"elementor-widget-container\">\n\t\t\t\t\t\t\t<div class=\"elementor-spacer\">\n\t\t\t<div class=\"elementor-spacer-inner\"><\/div>\n\t\t<\/div>\n\t\t\t\t\t\t<\/div>\n\t\t\t\t<\/div>\n\t\t\t\t<div class=\"elementor-element elementor-element-a3930d5 elementor-widget elementor-widget-text-editor\" data-id=\"a3930d5\" data-element_type=\"widget\" data-e-type=\"widget\" data-widget_type=\"text-editor.default\">\n\t\t\t\t<div class=\"elementor-widget-container\">\n\t\t\t\t\t\t\t\t\t<p style=\"text-align: center;\">A pr\u00e1tica art\u00edstica tamb\u00e9m \u00e9 para os pequenos! Deixe que eles aprendam sobre m\u00fasica por meio de jogos e can\u00e7\u00f5es, descobrindo novos instrumentos, tudo acompanhado pela m\u00e3e e\/ou pelo pai.<\/p>\n\t\t\t\t\t\t\t\t<\/div>\n\t\t\t\t<\/div>\n\t\t\t\t<\/div>\n\t\t\t\t\t<\/div>\n\t\t\t\t<\/div>\n\t\t<div class=\"elementor-element elementor-element-710568b e-flex e-con-boxed wpr-particle-no wpr-jarallax-no wpr-parallax-no wpr-sticky-section-no wpr-equal-height-no e-con e-parent\" data-id=\"710568b\" data-element_type=\"container\" data-e-type=\"container\">\n\t\t\t\t\t<div class=\"e-con-inner\">\n\t\t\t\t\t<\/div>\n\t\t\t\t<\/div>\n\t\t\t\t<\/div>\n\t\t","protected":false},"excerpt":{"rendered":"<p>Na BarracaZem (Workshops para o p\u00fablico em geral) Venha descobrir a cultura brasileira conosco! M\u00fasica, dan\u00e7a, capoeira, portugu\u00eas brasileiro: nossos palestrantes brasileiros compartilhar\u00e3o com voc\u00ea sua paix\u00e3o por esse pa\u00eds multicultural que nunca deixa de surpreender. Nossos workshops (Audi\u00eancias Jovens) A pr\u00e1tica art\u00edstica tamb\u00e9m \u00e9 para os pequenos! Deixe que eles aprendam sobre m\u00fasica por meio de jogos e can\u00e7\u00f5es, descobrindo novos instrumentos, tudo acompanhado pela m\u00e3e e\/ou pelo pai.<\/p>\n","protected":false},"author":120,"featured_media":0,"parent":0,"menu_order":3,"comment_status":"closed","ping_status":"closed","template":"","meta":{"site-sidebar-layout":"default","site-content-layout":"","ast-site-content-layout":"default","site-content-style":"default","site-sidebar-style":"default","ast-global-header-display":"","ast-banner-title-visibility":"","ast-main-header-display":"","ast-hfb-above-header-display":"","ast-hfb-below-header-display":"","ast-hfb-mobile-header-display":"","site-post-title":"","ast-breadcrumbs-content":"","ast-featured-img":"","footer-sml-layout":"","ast-disable-related-posts":"","theme-transparent-header-meta":"","adv-header-id-meta":"","stick-header-meta":"","header-above-stick-meta":"","header-main-stick-meta":"","header-below-stick-meta":"","astra-migrate-meta-layouts":"default","ast-page-background-enabled":"default","ast-page-background-meta":{"desktop":{"background-color":"","background-image":"","background-repeat":"repeat","background-position":"center center","background-size":"auto","background-attachment":"scroll","background-type":"","background-media":"","overlay-type":"","overlay-color":"","overlay-opacity":"","overlay-gradient":""},"tablet":{"background-color":"","background-image":"","background-repeat":"repeat","background-position":"center center","background-size":"auto","background-attachment":"scroll","background-type":"","background-media":"","overlay-type":"","overlay-color":"","overlay-opacity":"","overlay-gradient":""},"mobile":{"background-color":"","background-image":"","background-repeat":"repeat","background-position":"center center","background-size":"auto","background-attachment":"scroll","background-type":"","background-media":"","overlay-type":"","overlay-color":"","overlay-opacity":"","overlay-gradient":""}},"ast-content-background-meta":{"desktop":{"background-color":"var(--ast-global-color-5)","background-image":"","background-repeat":"repeat","background-position":"center center","background-size":"auto","background-attachment":"scroll","background-type":"","background-media":"","overlay-type":"","overlay-color":"","overlay-opacity":"","overlay-gradient":""},"tablet":{"background-color":"var(--ast-global-color-5)","background-image":"","background-repeat":"repeat","background-position":"center center","background-size":"auto","background-attachment":"scroll","background-type":"","background-media":"","overlay-type":"","overlay-color":"","overlay-opacity":"","overlay-gradient":""},"mobile":{"background-color":"var(--ast-global-color-5)","background-image":"","background-repeat":"repeat","background-position":"center center","background-size":"auto","background-attachment":"scroll","background-type":"","background-media":"","overlay-type":"","overlay-color":"","overlay-opacity":"","overlay-gradient":""}},"footnotes":""},"class_list":["post-17306","page","type-page","status-publish","hentry"],"yoast_head":"<!-- This site is optimized with the Yoast SEO Premium plugin v27.5 (Yoast SEO v27.5) - https:\/\/yoast.com\/product\/yoast-seo-premium-wordpress\/ -->\n<title>Nossos workshops - Brasil Afro Funk<\/title>\n<meta name=\"robots\" content=\"index, follow, max-snippet:-1, max-image-preview:large, max-video-preview:-1\" \/>\n<link rel=\"canonical\" href=\"https:\/\/www.brasilafro.net\/pt-br\/nossos-workshops\/\" \/>\n<meta property=\"og:locale\" content=\"pt_BR\" \/>\n<meta property=\"og:type\" content=\"article\" \/>\n<meta property=\"og:title\" content=\"Nossos workshops\" \/>\n<meta property=\"og:description\" content=\"Na BarracaZem (Workshops para o p\u00fablico em geral) Venha descobrir a cultura brasileira conosco! M\u00fasica, dan\u00e7a, capoeira, portugu\u00eas brasileiro: nossos palestrantes brasileiros compartilhar\u00e3o com voc\u00ea sua paix\u00e3o por esse pa\u00eds multicultural que nunca deixa de surpreender. Nossos workshops (Audi\u00eancias Jovens) A pr\u00e1tica art\u00edstica tamb\u00e9m \u00e9 para os pequenos! Deixe que eles aprendam sobre m\u00fasica por meio de jogos e can\u00e7\u00f5es, descobrindo novos instrumentos, tudo acompanhado pela m\u00e3e e\/ou pelo pai.\" \/>\n<meta property=\"og:url\" content=\"https:\/\/www.brasilafro.net\/pt-br\/nossos-workshops\/\" \/>\n<meta property=\"og:site_name\" content=\"Brasil Afro Funk\" \/>\n<meta property=\"article:publisher\" content=\"https:\/\/www.facebook.com\/labarracazem\/\" \/>\n<meta property=\"article:modified_time\" content=\"2024-03-28T13:00:48+00:00\" \/>\n<meta property=\"og:image\" content=\"https:\/\/www.brasilafro.net\/wordpress\/wp-content\/uploads\/2023\/12\/5APropos-Notre-Lieu2-scaled.jpg\" \/>\n<meta name=\"twitter:card\" content=\"summary_large_image\" \/>\n<meta name=\"twitter:site\" content=\"@labarracaZem\" \/>\n<script type=\"application\/ld+json\" class=\"yoast-schema-graph\">{\"@context\":\"https:\\\/\\\/schema.org\",\"@graph\":[{\"@type\":\"WebPage\",\"@id\":\"https:\\\/\\\/www.brasilafro.net\\\/pt-br\\\/nossos-workshops\\\/\",\"url\":\"https:\\\/\\\/www.brasilafro.net\\\/pt-br\\\/nossos-workshops\\\/\",\"name\":\"Nossos workshops - Brasil Afro Funk\",\"isPartOf\":{\"@id\":\"https:\\\/\\\/www.brasilafro.net\\\/pt-br\\\/#website\"},\"primaryImageOfPage\":{\"@id\":\"https:\\\/\\\/www.brasilafro.net\\\/pt-br\\\/nossos-workshops\\\/#primaryimage\"},\"image\":{\"@id\":\"https:\\\/\\\/www.brasilafro.net\\\/pt-br\\\/nossos-workshops\\\/#primaryimage\"},\"thumbnailUrl\":\"https:\\\/\\\/www.brasilafro.net\\\/wordpress\\\/wp-content\\\/uploads\\\/2023\\\/12\\\/5APropos-Notre-Lieu2-scaled.jpg\",\"datePublished\":\"2018-03-20T10:47:34+00:00\",\"dateModified\":\"2024-03-28T13:00:48+00:00\",\"breadcrumb\":{\"@id\":\"https:\\\/\\\/www.brasilafro.net\\\/pt-br\\\/nossos-workshops\\\/#breadcrumb\"},\"inLanguage\":\"pt-BR\",\"potentialAction\":[{\"@type\":\"ReadAction\",\"target\":[\"https:\\\/\\\/www.brasilafro.net\\\/pt-br\\\/nossos-workshops\\\/\"]}]},{\"@type\":\"ImageObject\",\"inLanguage\":\"pt-BR\",\"@id\":\"https:\\\/\\\/www.brasilafro.net\\\/pt-br\\\/nossos-workshops\\\/#primaryimage\",\"url\":\"https:\\\/\\\/www.brasilafro.net\\\/wordpress\\\/wp-content\\\/uploads\\\/2023\\\/12\\\/5APropos-Notre-Lieu2-scaled.jpg\",\"contentUrl\":\"https:\\\/\\\/www.brasilafro.net\\\/wordpress\\\/wp-content\\\/uploads\\\/2023\\\/12\\\/5APropos-Notre-Lieu2-scaled.jpg\"},{\"@type\":\"BreadcrumbList\",\"@id\":\"https:\\\/\\\/www.brasilafro.net\\\/pt-br\\\/nossos-workshops\\\/#breadcrumb\",\"itemListElement\":[{\"@type\":\"ListItem\",\"position\":1,\"name\":\"Accueil\",\"item\":\"https:\\\/\\\/www.brasilafro.net\\\/pt-br\\\/inicio\\\/\"},{\"@type\":\"ListItem\",\"position\":2,\"name\":\"Nossos workshops\"}]},{\"@type\":\"WebSite\",\"@id\":\"https:\\\/\\\/www.brasilafro.net\\\/pt-br\\\/#website\",\"url\":\"https:\\\/\\\/www.brasilafro.net\\\/pt-br\\\/\",\"name\":\"Brasil Afro Funk\",\"description\":\"Musique I Danse I Capoeira  I Ecole \u00e0 Lille\",\"publisher\":{\"@id\":\"https:\\\/\\\/www.brasilafro.net\\\/pt-br\\\/#organization\"},\"potentialAction\":[{\"@type\":\"SearchAction\",\"target\":{\"@type\":\"EntryPoint\",\"urlTemplate\":\"https:\\\/\\\/www.brasilafro.net\\\/pt-br\\\/?s={search_term_string}\"},\"query-input\":{\"@type\":\"PropertyValueSpecification\",\"valueRequired\":true,\"valueName\":\"search_term_string\"}}],\"inLanguage\":\"pt-BR\"},{\"@type\":\"Organization\",\"@id\":\"https:\\\/\\\/www.brasilafro.net\\\/pt-br\\\/#organization\",\"name\":\"Brasil Afro Funk\",\"url\":\"https:\\\/\\\/www.brasilafro.net\\\/pt-br\\\/\",\"logo\":{\"@type\":\"ImageObject\",\"inLanguage\":\"pt-BR\",\"@id\":\"https:\\\/\\\/www.brasilafro.net\\\/pt-br\\\/#\\\/schema\\\/logo\\\/image\\\/\",\"url\":\"https:\\\/\\\/www.brasilafro.net\\\/wordpress\\\/wp-content\\\/uploads\\\/2017\\\/10\\\/cropped-logoBAF.png\",\"contentUrl\":\"https:\\\/\\\/www.brasilafro.net\\\/wordpress\\\/wp-content\\\/uploads\\\/2017\\\/10\\\/cropped-logoBAF.png\",\"width\":1119,\"height\":879,\"caption\":\"Brasil Afro Funk\"},\"image\":{\"@id\":\"https:\\\/\\\/www.brasilafro.net\\\/pt-br\\\/#\\\/schema\\\/logo\\\/image\\\/\"},\"sameAs\":[\"https:\\\/\\\/www.facebook.com\\\/labarracazem\\\/\",\"https:\\\/\\\/x.com\\\/labarracaZem\",\"https:\\\/\\\/www.instagram.com\\\/brasilafrofunk\\\/?hl=fr&img_index=2\"]}]}<\/script>\n<!-- \/ Yoast SEO Premium plugin. -->","yoast_head_json":{"title":"Nossos workshops - Brasil Afro Funk","robots":{"index":"index","follow":"follow","max-snippet":"max-snippet:-1","max-image-preview":"max-image-preview:large","max-video-preview":"max-video-preview:-1"},"canonical":"https:\/\/www.brasilafro.net\/pt-br\/nossos-workshops\/","og_locale":"pt_BR","og_type":"article","og_title":"Nossos workshops","og_description":"Na BarracaZem (Workshops para o p\u00fablico em geral) Venha descobrir a cultura brasileira conosco! M\u00fasica, dan\u00e7a, capoeira, portugu\u00eas brasileiro: nossos palestrantes brasileiros compartilhar\u00e3o com voc\u00ea sua paix\u00e3o por esse pa\u00eds multicultural que nunca deixa de surpreender. Nossos workshops (Audi\u00eancias Jovens) A pr\u00e1tica art\u00edstica tamb\u00e9m \u00e9 para os pequenos! Deixe que eles aprendam sobre m\u00fasica por meio de jogos e can\u00e7\u00f5es, descobrindo novos instrumentos, tudo acompanhado pela m\u00e3e e\/ou pelo pai.","og_url":"https:\/\/www.brasilafro.net\/pt-br\/nossos-workshops\/","og_site_name":"Brasil Afro Funk","article_publisher":"https:\/\/www.facebook.com\/labarracazem\/","article_modified_time":"2024-03-28T13:00:48+00:00","og_image":[{"url":"https:\/\/www.brasilafro.net\/wordpress\/wp-content\/uploads\/2023\/12\/5APropos-Notre-Lieu2-scaled.jpg","type":"","width":"","height":""}],"twitter_card":"summary_large_image","twitter_site":"@labarracaZem","schema":{"@context":"https:\/\/schema.org","@graph":[{"@type":"WebPage","@id":"https:\/\/www.brasilafro.net\/pt-br\/nossos-workshops\/","url":"https:\/\/www.brasilafro.net\/pt-br\/nossos-workshops\/","name":"Nossos workshops - Brasil Afro Funk","isPartOf":{"@id":"https:\/\/www.brasilafro.net\/pt-br\/#website"},"primaryImageOfPage":{"@id":"https:\/\/www.brasilafro.net\/pt-br\/nossos-workshops\/#primaryimage"},"image":{"@id":"https:\/\/www.brasilafro.net\/pt-br\/nossos-workshops\/#primaryimage"},"thumbnailUrl":"https:\/\/www.brasilafro.net\/wordpress\/wp-content\/uploads\/2023\/12\/5APropos-Notre-Lieu2-scaled.jpg","datePublished":"2018-03-20T10:47:34+00:00","dateModified":"2024-03-28T13:00:48+00:00","breadcrumb":{"@id":"https:\/\/www.brasilafro.net\/pt-br\/nossos-workshops\/#breadcrumb"},"inLanguage":"pt-BR","potentialAction":[{"@type":"ReadAction","target":["https:\/\/www.brasilafro.net\/pt-br\/nossos-workshops\/"]}]},{"@type":"ImageObject","inLanguage":"pt-BR","@id":"https:\/\/www.brasilafro.net\/pt-br\/nossos-workshops\/#primaryimage","url":"https:\/\/www.brasilafro.net\/wordpress\/wp-content\/uploads\/2023\/12\/5APropos-Notre-Lieu2-scaled.jpg","contentUrl":"https:\/\/www.brasilafro.net\/wordpress\/wp-content\/uploads\/2023\/12\/5APropos-Notre-Lieu2-scaled.jpg"},{"@type":"BreadcrumbList","@id":"https:\/\/www.brasilafro.net\/pt-br\/nossos-workshops\/#breadcrumb","itemListElement":[{"@type":"ListItem","position":1,"name":"Accueil","item":"https:\/\/www.brasilafro.net\/pt-br\/inicio\/"},{"@type":"ListItem","position":2,"name":"Nossos workshops"}]},{"@type":"WebSite","@id":"https:\/\/www.brasilafro.net\/pt-br\/#website","url":"https:\/\/www.brasilafro.net\/pt-br\/","name":"Brasil Afro Funk","description":"Musique I Danse I Capoeira  I Ecole \u00e0 Lille","publisher":{"@id":"https:\/\/www.brasilafro.net\/pt-br\/#organization"},"potentialAction":[{"@type":"SearchAction","target":{"@type":"EntryPoint","urlTemplate":"https:\/\/www.brasilafro.net\/pt-br\/?s={search_term_string}"},"query-input":{"@type":"PropertyValueSpecification","valueRequired":true,"valueName":"search_term_string"}}],"inLanguage":"pt-BR"},{"@type":"Organization","@id":"https:\/\/www.brasilafro.net\/pt-br\/#organization","name":"Brasil Afro Funk","url":"https:\/\/www.brasilafro.net\/pt-br\/","logo":{"@type":"ImageObject","inLanguage":"pt-BR","@id":"https:\/\/www.brasilafro.net\/pt-br\/#\/schema\/logo\/image\/","url":"https:\/\/www.brasilafro.net\/wordpress\/wp-content\/uploads\/2017\/10\/cropped-logoBAF.png","contentUrl":"https:\/\/www.brasilafro.net\/wordpress\/wp-content\/uploads\/2017\/10\/cropped-logoBAF.png","width":1119,"height":879,"caption":"Brasil Afro Funk"},"image":{"@id":"https:\/\/www.brasilafro.net\/pt-br\/#\/schema\/logo\/image\/"},"sameAs":["https:\/\/www.facebook.com\/labarracazem\/","https:\/\/x.com\/labarracaZem","https:\/\/www.instagram.com\/brasilafrofunk\/?hl=fr&img_index=2"]}]}},"_links":{"self":[{"href":"https:\/\/www.brasilafro.net\/pt-br\/wp-json\/wp\/v2\/pages\/17306","targetHints":{"allow":["GET"]}}],"collection":[{"href":"https:\/\/www.brasilafro.net\/pt-br\/wp-json\/wp\/v2\/pages"}],"about":[{"href":"https:\/\/www.brasilafro.net\/pt-br\/wp-json\/wp\/v2\/types\/page"}],"author":[{"embeddable":true,"href":"https:\/\/www.brasilafro.net\/pt-br\/wp-json\/wp\/v2\/users\/120"}],"replies":[{"embeddable":true,"href":"https:\/\/www.brasilafro.net\/pt-br\/wp-json\/wp\/v2\/comments?post=17306"}],"version-history":[{"count":2,"href":"https:\/\/www.brasilafro.net\/pt-br\/wp-json\/wp\/v2\/pages\/17306\/revisions"}],"predecessor-version":[{"id":17361,"href":"https:\/\/www.brasilafro.net\/pt-br\/wp-json\/wp\/v2\/pages\/17306\/revisions\/17361"}],"wp:attachment":[{"href":"https:\/\/www.brasilafro.net\/pt-br\/wp-json\/wp\/v2\/media?parent=17306"}],"curies":[{"name":"wp","href":"https:\/\/api.w.org\/{rel}","templated":true}]}}